{"id":3094,"date":"2022-11-28T18:05:55","date_gmt":"2022-11-28T18:05:55","guid":{"rendered":"https:\/\/studiobettini.com\/new\/?page_id=3094"},"modified":"2025-06-12T08:25:09","modified_gmt":"2025-06-12T08:25:09","slug":"yac-academy","status":"publish","type":"page","link":"https:\/\/studiobettini.com\/en\/yac-academy\/","title":{"rendered":"YACademy"},"content":{"rendered":"<div data-elementor-type=\"wp-page\" data-elementor-id=\"3094\" class=\"elementor elementor-3094\">\n\t\t\t\t\t\t<section class=\"elementor-section elementor-top-section elementor-element elementor-element-bec3726 elementor-section-boxed elementor-section-height-default elementor-section-height-default gs-locked-section-no\" data-id=\"bec3726\" data-element_type=\"section\">\n\t\t\t\t\t\t<div class=\"elementor-container elementor-column-gap-default\">\n\t\t\t\t\t<div class=\"elementor-column elementor-col-100 elementor-top-column elementor-element elementor-element-7397cdb\" data-id=\"7397cdb\" data-element_type=\"column\">\n\t\t\t<div class=\"elementor-widget-wrap elementor-element-populated\">\n\t\t\t\t\t\t<div class=\"elementor-element elementor-element-5e389e6 elementor-widget elementor-widget-heading\" data-id=\"5e389e6\" data-element_type=\"widget\" data-widget_type=\"heading.default\">\n\t\t\t\t<div class=\"elementor-widget-container\">\n\t\t\t\t\t<h2 class=\"elementor-heading-title elementor-size-default\">Education<\/h2>\t\t\t\t<\/div>\n\t\t\t\t<\/div>\n\t\t\t\t<div class=\"elementor-element elementor-element-c03e108 elementor-widget elementor-widget-spacer\" data-id=\"c03e108\" data-element_type=\"widget\" data-widget_type=\"spacer.default\">\n\t\t\t\t<div class=\"elementor-widget-container\">\n\t\t\t\t\t\t\t<div class=\"elementor-spacer\">\n\t\t\t<div class=\"elementor-spacer-inner\"><\/div>\n\t\t<\/div>\n\t\t\t\t\t\t<\/div>\n\t\t\t\t<\/div>\n\t\t\t\t\t<\/div>\n\t\t<\/div>\n\t\t\t\t\t<\/div>\n\t\t<\/section>\n\t\t\t\t<section class=\"elementor-section elementor-top-section elementor-element elementor-element-6d25b75 elementor-section-boxed elementor-section-height-default elementor-section-height-default gs-locked-section-no\" data-id=\"6d25b75\" data-element_type=\"section\">\n\t\t\t\t\t\t<div class=\"elementor-container elementor-column-gap-default\">\n\t\t\t\t\t<div class=\"elementor-column elementor-col-50 elementor-top-column elementor-element elementor-element-637e050\" data-id=\"637e050\" data-element_type=\"column\">\n\t\t\t<div class=\"elementor-widget-wrap elementor-element-populated\">\n\t\t\t\t\t\t<div class=\"elementor-element elementor-element-fc4c4b2 elementor-invisible elementor-widget elementor-widget-heading\" data-id=\"fc4c4b2\" data-element_type=\"widget\" data-settings=\"{&quot;_animation&quot;:&quot;gsSkewIn&quot;}\" data-widget_type=\"heading.default\">\n\t\t\t\t<div class=\"elementor-widget-container\">\n\t\t\t\t\t<h4 class=\"elementor-heading-title elementor-size-default\">YACademy<\/h4>\t\t\t\t<\/div>\n\t\t\t\t<\/div>\n\t\t\t\t<div class=\"elementor-element elementor-element-b98e338 elementor-invisible elementor-widget elementor-widget-heading\" data-id=\"b98e338\" data-element_type=\"widget\" data-settings=\"{&quot;_animation&quot;:&quot;gsSkewIn&quot;}\" data-widget_type=\"heading.default\">\n\t\t\t\t<div class=\"elementor-widget-container\">\n\t\t\t\t\t<h3 class=\"elementor-heading-title elementor-size-default\">Architettura di Rigenerazione 2025<\/h3>\t\t\t\t<\/div>\n\t\t\t\t<\/div>\n\t\t\t\t<div class=\"elementor-element elementor-element-74242f1 elementor-invisible elementor-widget elementor-widget-text-editor\" data-id=\"74242f1\" data-element_type=\"widget\" data-settings=\"{&quot;_animation&quot;:&quot;gsSkewIn&quot;}\" data-widget_type=\"text-editor.default\">\n\t\t\t\t<div class=\"elementor-widget-container\">\n\t\t\t\t\t\t\t\t\t<p style=\"text-align: center;\"><span style=\"color: #000000;\"><strong>Corso di alta formazione | Edizione 2025<\/strong><\/span><\/p><p style=\"text-align: center;\"><strong><span style=\"color: #000000;\">8 settembre 2025 \/ 14 novembre 2025<\/span><\/strong><\/p><p style=\"text-align: center;\"><strong><span style=\"color: #000000;\">\u00a0<\/span><\/strong><\/p><p style=\"text-align: center;\"><strong><span style=\"color: #000000;\">\u00a0<\/span><\/strong><\/p><h6 style=\"text-align: left;\"><span style=\"font-family: Roboto, serif;\">Da sempre i progettisti sono chiamati a dare nuovo significato ad architetture ereditate da epoche passate, a manufatti storici \u2013 spesso monumentali \u2013 non pi\u00f9 rispondenti ad usi ed esigenze allineati alle necessit\u00e0 della societ\u00e0 contemporanea.<\/span><span style=\"font-family: Roboto, serif;\"><br \/><\/span><span style=\"font-family: Roboto, serif;\">The \u201cArchitecture for Heritage\u201d course has been created on these premises. Its aim is to train designers who will be able to understand and enhance the memory of historical architectures and take inspiration from them to carry out new interventions that both meet the new needs and are enriched by the link to the past. In a close dialogue between the ancient and the modern, between existing architectures and new interventions, it is possible to comprehend what has been and what is now, redesigning \u2013 through architecture \u2013 a historical line bound to be continued by future generations.<\/span><span style=\"font-family: Roboto, serif;\"><br \/><\/span><span style=\"font-family: Roboto, serif;\">The students will learn about the most advanced survey strategies and redesign of historical architectures; therefore, they will be able to protect the ancient wonders without giving up on a contemporary approach to the project. They will acquire skills and experience in a field of design that is always present and offers continuous and valuable job opportunities.<\/span><span style=\"font-family: Roboto, serif;\"><br \/><\/span><span style=\"font-family: Roboto, serif;\">Spaziando dall\u2019intervento su siti archeologici e industriali, con particolare riferimento all\u2019utilizzo culturale e ricettivo delle architetture storiche, i corsisti approfondiranno le tematiche tecniche e compositive da adottarsi in contesti caratterizzati da un\u2019importante preesistenza, secondo un percorso composto da 80 ore di didattica frontale, 32 ore di laboratorio e numerosi interventi di professionisti di chiara fama. Al termine del percorso formativo, l\u2019ufficio Placement di YACademy garantir\u00e0 a ciascun corsista una proposta di tirocinio\/collaborazione all\u2019interno degli studi partners.<\/span><\/h6><h5 style=\"text-align: center;\"><a href=\"https:\/\/www.yacademy.it\/it\/educational-offer\/architecture-for-heritage\">https:\/\/www.yacademy.it\/educational-offer<\/a><\/h5>\t\t\t\t\t\t\t\t<\/div>\n\t\t\t\t<\/div>\n\t\t\t\t\t<\/div>\n\t\t<\/div>\n\t\t\t\t<div class=\"elementor-column elementor-col-50 elementor-top-column elementor-element elementor-element-ca96484\" data-id=\"ca96484\" data-element_type=\"column\">\n\t\t\t<div class=\"elementor-widget-wrap elementor-element-populated\">\n\t\t\t\t\t\t<div class=\"elementor-element elementor-element-00f7466 elementor-widget elementor-widget-image\" data-id=\"00f7466\" data-element_type=\"widget\" data-widget_type=\"image.default\">\n\t\t\t\t<div class=\"elementor-widget-container\">\n\t\t\t\t\t\t\t\t\t\t\t\t\t\t\t\t<a href=\"https:\/\/www.yacademy.it\/it\/educational-offer\/architecture-for-heritage\">\n\t\t\t\t\t\t\t<img fetchpriority=\"high\" decoding=\"async\" width=\"1024\" height=\"1024\" src=\"https:\/\/studiobettini.com\/wp-content\/uploads\/2025\/06\/2025_docenti-1024x1024.jpg\" class=\"attachment-large size-large wp-image-6913\" alt=\"\" srcset=\"https:\/\/studiobettini.com\/wp-content\/uploads\/2025\/06\/2025_docenti-1024x1024.jpg 1024w, https:\/\/studiobettini.com\/wp-content\/uploads\/2025\/06\/2025_docenti-300x300.jpg 300w, https:\/\/studiobettini.com\/wp-content\/uploads\/2025\/06\/2025_docenti-150x150.jpg 150w, https:\/\/studiobettini.com\/wp-content\/uploads\/2025\/06\/2025_docenti-768x768.jpg 768w, https:\/\/studiobettini.com\/wp-content\/uploads\/2025\/06\/2025_docenti-12x12.jpg 12w, https:\/\/studiobettini.com\/wp-content\/uploads\/2025\/06\/2025_docenti-500x500.jpg 500w, https:\/\/studiobettini.com\/wp-content\/uploads\/2025\/06\/2025_docenti-1000x1000.jpg 1000w, https:\/\/studiobettini.com\/wp-content\/uploads\/2025\/06\/2025_docenti.jpg 1080w\" sizes=\"(max-width: 1024px) 100vw, 1024px\" \/>\t\t\t\t\t\t\t\t<\/a>\n\t\t\t\t\t\t\t\t\t\t\t\t\t\t\t<\/div>\n\t\t\t\t<\/div>\n\t\t\t\t\t<\/div>\n\t\t<\/div>\n\t\t\t\t\t<\/div>\n\t\t<\/section>\n\t\t\t\t<section class=\"elementor-section elementor-top-section elementor-element elementor-element-aa59bc9 elementor-section-boxed elementor-section-height-default elementor-section-height-default gs-locked-section-no\" data-id=\"aa59bc9\" data-element_type=\"section\">\n\t\t\t\t\t\t<div class=\"elementor-container elementor-column-gap-default\">\n\t\t\t\t\t<div class=\"elementor-column elementor-col-100 elementor-top-column elementor-element elementor-element-de77ca0\" data-id=\"de77ca0\" data-element_type=\"column\">\n\t\t\t<div class=\"elementor-widget-wrap\">\n\t\t\t\t\t\t\t<\/div>\n\t\t<\/div>\n\t\t\t\t\t<\/div>\n\t\t<\/section>\n\t\t\t\t<section class=\"elementor-section elementor-top-section elementor-element elementor-element-cba657c elementor-section-boxed elementor-section-height-default elementor-section-height-default gs-locked-section-no\" data-id=\"cba657c\" data-element_type=\"section\">\n\t\t\t\t\t\t<div class=\"elementor-container elementor-column-gap-default\">\n\t\t\t\t\t<div class=\"elementor-column elementor-col-100 elementor-top-column elementor-element elementor-element-327726c\" data-id=\"327726c\" data-element_type=\"column\">\n\t\t\t<div class=\"elementor-widget-wrap\">\n\t\t\t\t\t\t\t<\/div>\n\t\t<\/div>\n\t\t\t\t\t<\/div>\n\t\t<\/section>\n\t\t\t\t<section class=\"elementor-section elementor-top-section elementor-element elementor-element-78c52b7 elementor-section-boxed elementor-section-height-default elementor-section-height-default gs-locked-section-no\" data-id=\"78c52b7\" data-element_type=\"section\">\n\t\t\t\t\t\t<div class=\"elementor-container elementor-column-gap-default\">\n\t\t\t\t\t<div class=\"elementor-column elementor-col-50 elementor-top-column elementor-element elementor-element-f6ddd55\" data-id=\"f6ddd55\" data-element_type=\"column\">\n\t\t\t<div class=\"elementor-widget-wrap elementor-element-populated\">\n\t\t\t\t\t\t<div class=\"elementor-element elementor-element-9c14722 elementor-invisible elementor-widget elementor-widget-heading\" data-id=\"9c14722\" data-element_type=\"widget\" data-settings=\"{&quot;_animation&quot;:&quot;gsSkewIn&quot;}\" data-widget_type=\"heading.default\">\n\t\t\t\t<div class=\"elementor-widget-container\">\n\t\t\t\t\t<h4 class=\"elementor-heading-title elementor-size-default\">YACademy<\/h4>\t\t\t\t<\/div>\n\t\t\t\t<\/div>\n\t\t\t\t<div class=\"elementor-element elementor-element-38004ea elementor-invisible elementor-widget elementor-widget-heading\" data-id=\"38004ea\" data-element_type=\"widget\" data-settings=\"{&quot;_animation&quot;:&quot;gsSkewIn&quot;}\" data-widget_type=\"heading.default\">\n\t\t\t\t<div class=\"elementor-widget-container\">\n\t\t\t\t\t<h3 class=\"elementor-heading-title elementor-size-default\">Earth Architecture<\/h3>\t\t\t\t<\/div>\n\t\t\t\t<\/div>\n\t\t\t\t<div class=\"elementor-element elementor-element-6fcd919 elementor-invisible elementor-widget elementor-widget-text-editor\" data-id=\"6fcd919\" data-element_type=\"widget\" data-settings=\"{&quot;_animation&quot;:&quot;gsSkewIn&quot;}\" data-widget_type=\"text-editor.default\">\n\t\t\t\t<div class=\"elementor-widget-container\">\n\t\t\t\t\t\t\t\t\t<p style=\"text-align: center;\"><span style=\"color: #000000;\"><strong>Corso di alta formazione | Edizione 2025<\/strong><\/span><\/p><p style=\"text-align: center;\"><strong><span style=\"color: #000000;\">24 novembre 2025 \/ 20 febbraio 2026<\/span><\/strong><\/p><p style=\"text-align: center;\"><strong><span style=\"color: #000000;\">\u00a0<\/span><\/strong><\/p><p style=\"text-align: center;\"><strong><span style=\"color: #000000;\">\u00a0<\/span><\/strong><\/p><h6><span data-sheets-root=\"1\">Le terre sono fra i pi\u00f9 antichi e suggestivi materiali da costruzione: durevoli, naturali e dotate di una materialit\u00e0 avvolgente e a misura d\u2019uomo, le architetture in laterizio ci hanno consegnato alcuni dei pi\u00f9 grandi capolavori nella storia del genere umano.<\/span><\/h6><h6><span data-sheets-root=\"1\">In un tempo che non pu\u00f2 pi\u00f9 procrastinare le tematiche di natura ambientale, ma che parimenti non deve rinunciare alla libert\u00e0 e dignit\u00e0 del pensiero architettonico, i laterizi costituiscono una delle risposte tecniche e creative pi\u00f9 efficaci alle problematiche del costruire contemporaneo, capaci, come sono, di generare bellezza, al minimo costo ambientale.<\/span><\/h6><h6><span data-sheets-root=\"1\">\u00c8 per simile ragione che nasce il corso in \u201cEarth Architecture\u201d, il progetto formativo di wienerberger orientato a specializzare i professionisti dell\u2019architettura nell\u2019ambito della progettazione sostenibile in laterizio, per proseguire nel solco della ricerca attorno a un materiale amato dai pi\u00f9 illustri interpreti dell\u2019architettura e capace di dare risposte creative alla domanda di manufatti architettonici di pregio con una minore impronta di carbonio.<\/span><\/h6><h6>Attraverso uno studio attento delle implicazioni ambientali delle costruzioni e ibridando una conoscenza delle caratteristiche delle terre con i pi\u00f9 moderni linguaggi di progettazione architettonica, ai progettisti sar\u00e0 offerta la possibilit\u00e0 di generare architetture raffinate, altamente contemporanee, ma capaci di una durevolezza e compatibilit\u00e0 ambientale difficilmente raggiungibili attraverso altre tecnologie.<\/h6><h6>Il corso si articola secondo un percorso composto da 76 ore di didattica frontale, 32 ore di laboratorio e numerosi interventi di professionisti di chiara fama. Al termine del percorso formativo, l\u2019ufficio Placement di Yacademy garantir\u00e0 a ciascun corsista una proposta di tirocinio\/collaborazione all\u2019interno degli studi partner.<\/h6><p><span style=\"font-family: Roboto, serif;\">\u00a0<\/span><\/p><p style=\"text-align: center;\"><span style=\"color: #000000;\">\u00a0<\/span><a href=\"https:\/\/www.yacademy.it\/it\/educational-offer\/earth-architecture\">https:\/\/www.yacademy.it\/educational-offer<\/a><\/p>\t\t\t\t\t\t\t\t<\/div>\n\t\t\t\t<\/div>\n\t\t\t\t\t<\/div>\n\t\t<\/div>\n\t\t\t\t<div class=\"elementor-column elementor-col-50 elementor-top-column elementor-element elementor-element-0c44d6b\" data-id=\"0c44d6b\" data-element_type=\"column\">\n\t\t\t<div class=\"elementor-widget-wrap elementor-element-populated\">\n\t\t\t\t\t\t<div class=\"elementor-element elementor-element-2f18c89 elementor-widget elementor-widget-image\" data-id=\"2f18c89\" data-element_type=\"widget\" data-widget_type=\"image.default\">\n\t\t\t\t<div class=\"elementor-widget-container\">\n\t\t\t\t\t\t\t\t\t\t\t\t\t\t\t\t<a href=\"https:\/\/www.yacademy.it\/it\/educational-offer\/earth-architecture\">\n\t\t\t\t\t\t\t<img decoding=\"async\" width=\"1024\" height=\"1024\" src=\"https:\/\/studiobettini.com\/wp-content\/uploads\/2025\/06\/2025_docenti-1-1024x1024.jpg\" class=\"attachment-large size-large wp-image-6931\" alt=\"\" srcset=\"https:\/\/studiobettini.com\/wp-content\/uploads\/2025\/06\/2025_docenti-1-1024x1024.jpg 1024w, https:\/\/studiobettini.com\/wp-content\/uploads\/2025\/06\/2025_docenti-1-300x300.jpg 300w, https:\/\/studiobettini.com\/wp-content\/uploads\/2025\/06\/2025_docenti-1-150x150.jpg 150w, https:\/\/studiobettini.com\/wp-content\/uploads\/2025\/06\/2025_docenti-1-768x768.jpg 768w, https:\/\/studiobettini.com\/wp-content\/uploads\/2025\/06\/2025_docenti-1-12x12.jpg 12w, https:\/\/studiobettini.com\/wp-content\/uploads\/2025\/06\/2025_docenti-1-500x500.jpg 500w, https:\/\/studiobettini.com\/wp-content\/uploads\/2025\/06\/2025_docenti-1-1000x1000.jpg 1000w, https:\/\/studiobettini.com\/wp-content\/uploads\/2025\/06\/2025_docenti-1.jpg 1080w\" sizes=\"(max-width: 1024px) 100vw, 1024px\" \/>\t\t\t\t\t\t\t\t<\/a>\n\t\t\t\t\t\t\t\t\t\t\t\t\t\t\t<\/div>\n\t\t\t\t<\/div>\n\t\t\t\t\t<\/div>\n\t\t<\/div>\n\t\t\t\t\t<\/div>\n\t\t<\/section>\n\t\t\t\t<\/div>","protected":false},"excerpt":{"rendered":"<p>Formazione YACademy Architettura di Rigenerazione 2025 Corso di alta formazione | Edizione 2025 8 settembre 2025 \/ 14 novembre 2025 \u00a0 \u00a0 Da&#8230;<\/p>","protected":false},"author":3,"featured_media":0,"parent":0,"menu_order":0,"comment_status":"closed","ping_status":"closed","template":"","meta":{"_acf_changed":false,"_monsterinsights_skip_tracking":false,"_monsterinsights_sitenote_active":false,"_monsterinsights_sitenote_note":"","_monsterinsights_sitenote_category":0,"footnotes":""},"class_list":["post-3094","page","type-page","status-publish","hentry"],"acf":[],"aioseo_notices":[],"_links":{"self":[{"href":"https:\/\/studiobettini.com\/en\/wp-json\/wp\/v2\/pages\/3094","targetHints":{"allow":["GET"]}}],"collection":[{"href":"https:\/\/studiobettini.com\/en\/wp-json\/wp\/v2\/pages"}],"about":[{"href":"https:\/\/studiobettini.com\/en\/wp-json\/wp\/v2\/types\/page"}],"author":[{"embeddable":true,"href":"https:\/\/studiobettini.com\/en\/wp-json\/wp\/v2\/users\/3"}],"replies":[{"embeddable":true,"href":"https:\/\/studiobettini.com\/en\/wp-json\/wp\/v2\/comments?post=3094"}],"version-history":[{"count":64,"href":"https:\/\/studiobettini.com\/en\/wp-json\/wp\/v2\/pages\/3094\/revisions"}],"predecessor-version":[{"id":6945,"href":"https:\/\/studiobettini.com\/en\/wp-json\/wp\/v2\/pages\/3094\/revisions\/6945"}],"wp:attachment":[{"href":"https:\/\/studiobettini.com\/en\/wp-json\/wp\/v2\/media?parent=3094"}],"curies":[{"name":"wp","href":"https:\/\/api.w.org\/{rel}","templated":true}]}}